{"id":4386,"date":"2017-01-10T14:47:28","date_gmt":"2017-01-10T14:47:28","guid":{"rendered":"http:\/\/attorney-at-law.cmsmasters.net\/?page_id=4386"},"modified":"2022-02-15T12:05:31","modified_gmt":"2022-02-15T15:05:31","slug":"nossas-solucoes","status":"publish","type":"page","link":"https:\/\/ccladv.com.br\/index.php\/nossas-solucoes\/","title":{"rendered":"CONHE\u00c7A NOSSAS SOLU\u00c7\u00d5ES"},"content":{"rendered":"<p>[vc_row full_width=&#8221;stretch_row_content_no_spaces&#8221;][vc_column]<div class=\"row multi-columns-row thememount-portfolio-boxes-wrapper thememount-portfolio-view-default kwayy-boxes-sortable-no thememount-effect-default thememount-items-col-three thememount-portfolio-design-  \" id=\"thememount-portfolio-id-87194840\"  ><div class=\"thememount-portfolio-text col-xs-12 col-sm-12 col-md-12 col-lg-12\"><\/div><div class=\"thememount-portfolio-boxes col-xs-12 col-sm-12 col-md-12 col-lg-12\"><div class=\"thememount-items-wrapper row multi-columns-row  thememount-portfolio-boxes-inner  row\">\n\t\t\t<div class=\"portfolio-box tm-box col-lg-4 col-sm-6 col-md-4 col-xs-12 bankruptcy criminal-law immigration thememount-box\">\n\t\t\t\n\t\t\t\t<div class=\"item\">\n\t\t\t\t\t<div class=\"item-thumbnail\">\n\t\t\t\t\t\t<img loading=\"lazy\" decoding=\"async\" width=\"740\" height=\"493\" src=\"https:\/\/ccladv.com.br\/wp-content\/uploads\/2016\/06\/carteiradetrabalho_copia_0-740x493.jpg\" class=\"attachment-digitallaw-portfolio-three-column size-digitallaw-portfolio-three-column wp-post-image\" alt=\"\" data-id=\"11225\" \/><div class=\"icon-overlay\"><\/div>\t\t\t\t\t\t\t\t\n\t\t\t\t<div class=\"icons\">\n\t\t\t\t\t<a href=\"https:\/\/ccladv.com.br\/wp-content\/uploads\/2016\/06\/carteiradetrabalho_copia_0.jpg\" class=\"thememount_pf_featured tm_prettyphoto\" title=\"Direito do Trabalho\" data-rel=\"prettyPhoto\"><i class=\"tm-social-icon-picture-1\"><\/i><\/a>\n\t\t\t\t\t<a href=\"https:\/\/ccladv.com.br\/index.php\/practice-area\/culpa-qui-officia\/\" class=\"thememount_pf_link\"><i class=\"fa fa-link\"><\/i><\/a>\n\t\t\t\t<\/div>\n\t\t\t\t\t<\/div>\n\t\t\t\t\t<div class=\"item-content\">\n\t\t\t\t\t\t<h4><a href=\"https:\/\/ccladv.com.br\/index.php\/practice-area\/culpa-qui-officia\/\">Direito do Trabalho<\/a><\/h4>\n\t\t\t\t\t\t\n\t\t\t\t\t<\/div>\n\t\t\t\t<\/div>\n\t\t\t\t\n\t\t\t<\/div>\n\t\t\n\t\t\t<div class=\"portfolio-box tm-box col-lg-4 col-sm-6 col-md-4 col-xs-12 admiralty-law business thememount-box\">\n\t\t\t\n\t\t\t\t<div class=\"item\">\n\t\t\t\t\t<div class=\"item-thumbnail\">\n\t\t\t\t\t\t<img loading=\"lazy\" decoding=\"async\" width=\"740\" height=\"493\" src=\"https:\/\/ccladv.com.br\/wp-content\/uploads\/2016\/06\/direito_previdenciario_no_brasil-740x493.jpg\" class=\"attachment-digitallaw-portfolio-three-column size-digitallaw-portfolio-three-column wp-post-image\" alt=\"\" data-id=\"11215\" \/><div class=\"icon-overlay\"><\/div>\t\t\t\t\t\t\t\t\n\t\t\t\t<div class=\"icons\">\n\t\t\t\t\t<a href=\"https:\/\/ccladv.com.br\/wp-content\/uploads\/2016\/06\/direito_previdenciario_no_brasil.jpg\" class=\"thememount_pf_featured tm_prettyphoto\" title=\"Direito Previdenci\u00e1rio\" data-rel=\"prettyPhoto\"><i class=\"tm-social-icon-picture-1\"><\/i><\/a>\n\t\t\t\t\t<a href=\"https:\/\/ccladv.com.br\/index.php\/practice-area\/duis-aute-irure-dolor\/\" class=\"thememount_pf_link\"><i class=\"fa fa-link\"><\/i><\/a>\n\t\t\t\t<\/div>\n\t\t\t\t\t<\/div>\n\t\t\t\t\t<div class=\"item-content\">\n\t\t\t\t\t\t<h4><a href=\"https:\/\/ccladv.com.br\/index.php\/practice-area\/duis-aute-irure-dolor\/\">Direito Previdenci\u00e1rio<\/a><\/h4>\n\t\t\t\t\t\t\n\t\t\t\t\t<\/div>\n\t\t\t\t<\/div>\n\t\t\t\t\n\t\t\t<\/div>\n\t\t\n\t\t\t<div class=\"portfolio-box tm-box col-lg-4 col-sm-6 col-md-4 col-xs-12 civil-rights criminal-law thememount-box\">\n\t\t\t\n\t\t\t\t<div class=\"item\">\n\t\t\t\t\t<div class=\"item-thumbnail\">\n\t\t\t\t\t\t<img loading=\"lazy\" decoding=\"async\" width=\"660\" height=\"439\" src=\"https:\/\/ccladv.com.br\/wp-content\/uploads\/2016\/02\/direito-familia-sucessoes-kmo-advogados-campinas_1_.jpg\" class=\"attachment-digitallaw-portfolio-three-column size-digitallaw-portfolio-three-column wp-post-image\" alt=\"\" data-id=\"11218\" \/><div class=\"icon-overlay\"><\/div>\t\t\t\t\t\t\t\t\n\t\t\t\t<div class=\"icons\">\n\t\t\t\t\t<a href=\"https:\/\/ccladv.com.br\/wp-content\/uploads\/2016\/02\/direito-familia-sucessoes-kmo-advogados-campinas_1_.jpg\" class=\"thememount_pf_featured tm_prettyphoto\" title=\"Direito de Fam\u00edlia\" data-rel=\"prettyPhoto\"><i class=\"tm-social-icon-picture-1\"><\/i><\/a>\n\t\t\t\t\t<a href=\"https:\/\/ccladv.com.br\/index.php\/practice-area\/temporibus-autem\/\" class=\"thememount_pf_link\"><i class=\"fa fa-link\"><\/i><\/a>\n\t\t\t\t<\/div>\n\t\t\t\t\t<\/div>\n\t\t\t\t\t<div class=\"item-content\">\n\t\t\t\t\t\t<h4><a href=\"https:\/\/ccladv.com.br\/index.php\/practice-area\/temporibus-autem\/\">Direito de Fam\u00edlia<\/a><\/h4>\n\t\t\t\t\t\t\n\t\t\t\t\t<\/div>\n\t\t\t\t<\/div>\n\t\t\t\t\n\t\t\t<\/div>\n\t\t\n\t\t\t<div class=\"portfolio-box tm-box col-lg-4 col-sm-6 col-md-4 col-xs-12 admiralty-law civil-rights thememount-box\">\n\t\t\t\n\t\t\t\t<div class=\"item\">\n\t\t\t\t\t<div class=\"item-thumbnail\">\n\t\t\t\t\t\t<img loading=\"lazy\" decoding=\"async\" width=\"433\" height=\"271\" src=\"https:\/\/ccladv.com.br\/wp-content\/uploads\/2016\/02\/direito-das-sucessoes.jpg\" class=\"attachment-digitallaw-portfolio-three-column size-digitallaw-portfolio-three-column wp-post-image\" alt=\"\" data-id=\"11217\" \/><div class=\"icon-overlay\"><\/div>\t\t\t\t\t\t\t\t\n\t\t\t\t<div class=\"icons\">\n\t\t\t\t\t<a href=\"https:\/\/www.youtube.com\/watch?v=RIZJT9edXpA\" class=\"thememount_pf_featured tm_prettyphoto\" title=\"Direito das Sucess\u00f5es\" data-rel=\"prettyPhoto\"><i class=\"tm-social-icon-videocam\"><\/i><\/a>\n\t\t\t\t\t<a href=\"https:\/\/ccladv.com.br\/index.php\/practice-area\/cum-soluta-nobis-est\/\" class=\"thememount_pf_link\"><i class=\"fa fa-link\"><\/i><\/a>\n\t\t\t\t<\/div>\n\t\t\t\t\t<\/div>\n\t\t\t\t\t<div class=\"item-content\">\n\t\t\t\t\t\t<h4><a href=\"https:\/\/ccladv.com.br\/index.php\/practice-area\/cum-soluta-nobis-est\/\">Direito das Sucess\u00f5es<\/a><\/h4>\n\t\t\t\t\t\t\n\t\t\t\t\t<\/div>\n\t\t\t\t<\/div>\n\t\t\t\t\n\t\t\t<\/div>\n\t\t\n\t\t\t<div class=\"portfolio-box tm-box col-lg-4 col-sm-6 col-md-4 col-xs-12 bankruptcy criminal-law thememount-box\">\n\t\t\t\n\t\t\t\t<div class=\"item\">\n\t\t\t\t\t<div class=\"item-thumbnail\">\n\t\t\t\t\t\t<img loading=\"lazy\" decoding=\"async\" width=\"740\" height=\"493\" src=\"https:\/\/ccladv.com.br\/wp-content\/uploads\/2016\/02\/Consumo-740x493.jpg\" class=\"attachment-digitallaw-portfolio-three-column size-digitallaw-portfolio-three-column wp-post-image\" alt=\"\" data-id=\"11219\" \/><div class=\"icon-overlay\"><\/div>\t\t\t\t\t\t\t\t\n\t\t\t\t<div class=\"icons\">\n\t\t\t\t\t<a href=\"https:\/\/ccladv.com.br\/wp-content\/uploads\/2016\/02\/Consumo.jpg\" class=\"thememount_pf_featured tm_prettyphoto\" title=\"Direito do Consumidor\" data-rel=\"prettyPhoto\"><i class=\"tm-social-icon-picture-1\"><\/i><\/a>\n\t\t\t\t\t<a href=\"https:\/\/ccladv.com.br\/index.php\/practice-area\/nam-libero-tempore\/\" class=\"thememount_pf_link\"><i class=\"fa fa-link\"><\/i><\/a>\n\t\t\t\t<\/div>\n\t\t\t\t\t<\/div>\n\t\t\t\t\t<div class=\"item-content\">\n\t\t\t\t\t\t<h4><a href=\"https:\/\/ccladv.com.br\/index.php\/practice-area\/nam-libero-tempore\/\">Direito do Consumidor<\/a><\/h4>\n\t\t\t\t\t\t\n\t\t\t\t\t<\/div>\n\t\t\t\t<\/div>\n\t\t\t\t\n\t\t\t<\/div>\n\t\t\n\t\t\t<div class=\"portfolio-box tm-box col-lg-4 col-sm-6 col-md-4 col-xs-12 immigration thememount-box\">\n\t\t\t\n\t\t\t\t<div class=\"item\">\n\t\t\t\t\t<div class=\"item-thumbnail\">\n\t\t\t\t\t\t<img loading=\"lazy\" decoding=\"async\" width=\"740\" height=\"493\" src=\"https:\/\/ccladv.com.br\/wp-content\/uploads\/2016\/02\/Principios-Direito-Empresarial-MMurad-FGV-740x493.jpg\" class=\"attachment-digitallaw-portfolio-three-column size-digitallaw-portfolio-three-column wp-post-image\" alt=\"\" data-id=\"11220\" \/><div class=\"icon-overlay\"><\/div>\t\t\t\t\t\t\t\t\n\t\t\t\t<div class=\"icons\">\n\t\t\t\t\t<a href=\"#thememount-embed-code-9332\" class=\"thememount_pf_featured thememount-open-gallery\" title=\"Direito Empresarial\"><i class=\"tm-social-icon-gallery\"><\/i><\/a>\n\t\t\t\t\t<a href=\"https:\/\/ccladv.com.br\/index.php\/practice-area\/but-in-certain\/\" class=\"thememount_pf_link\"><i class=\"fa fa-link\"><\/i><\/a>\n\t\t\t\t<\/div>\n\t\t\t\t\t<\/div>\n\t\t\t\t\t<div class=\"item-content\">\n\t\t\t\t\t\t<h4><a href=\"https:\/\/ccladv.com.br\/index.php\/practice-area\/but-in-certain\/\">Direito Empresarial<\/a><\/h4>\n\t\t\t\t\t\t\n\t\t\t\t\t<\/div>\n\t\t\t\t<\/div>\n\t\t\t\t<div id=\"#thememount-embed-code-9332\" class=\"thememount-hide\"><div class=\"thememount-hide thememount-pf-gallery-content\"><script type=\"text\/javascript\">api_images_9332 = [\"https:\/\/ccladv.com.br\/wp-content\/uploads\/2014\/07\/rowbg-img1.jpg\",\"https:\/\/ccladv.com.br\/wp-content\/uploads\/2016\/02\/pf-image.jpg\"];api_titles_9332 = [\"Direito Empresarial\",\"Direito Empresarial\"];api_desc_9332   = [\"\",\"\"];<\/script><\/div><\/div>\n\t\t\t<\/div>\n\t\t<\/div><\/div><\/div>[\/vc_column][\/vc_row]<\/p>\n","protected":false},"excerpt":{"rendered":"<p>[vc_row full_width=&#8221;stretch_row_content_no_spaces&#8221;][vc_column][\/vc_column][\/vc_row]<\/p>\n","protected":false},"author":1,"featured_media":0,"parent":0,"menu_order":0,"comment_status":"closed","ping_status":"closed","template":"","meta":{"footnotes":""},"class_list":["post-4386","page","type-page","status-publish","hentry"],"yoast_head":"<!-- This site is optimized with the Yoast SEO plugin v19.4 - https:\/\/yoast.com\/wordpress\/plugins\/seo\/ -->\n<title>CONHE\u00c7A NOSSAS SOLU\u00c7\u00d5ES - CAETANO<\/title>\n<meta name=\"robots\" content=\"index, follow, max-snippet:-1, max-image-preview:large, max-video-preview:-1\" \/>\n<link rel=\"canonical\" href=\"https:\/\/ccladv.com.br\/index.php\/nossas-solucoes\/\" \/>\n<meta property=\"og:locale\" content=\"pt_BR\" \/>\n<meta property=\"og:type\" content=\"article\" \/>\n<meta property=\"og:title\" content=\"CONHE\u00c7A NOSSAS SOLU\u00c7\u00d5ES - CAETANO\" \/>\n<meta property=\"og:description\" content=\"[vc_row full_width=&#8221;stretch_row_content_no_spaces&#8221;][vc_column][\/vc_column][\/vc_row]\" \/>\n<meta property=\"og:url\" content=\"https:\/\/ccladv.com.br\/index.php\/nossas-solucoes\/\" \/>\n<meta property=\"og:site_name\" content=\"CAETANO\" \/>\n<meta property=\"article:modified_time\" content=\"2022-02-15T15:05:31+00:00\" \/>\n<meta name=\"twitter:card\" content=\"summary_large_image\" \/>\n<script type=\"application\/ld+json\" class=\"yoast-schema-graph\">{\"@context\":\"https:\/\/schema.org\",\"@graph\":[{\"@type\":\"Organization\",\"@id\":\"https:\/\/ccladv.com.br\/#organization\",\"name\":\"CAETANO\",\"url\":\"https:\/\/ccladv.com.br\/\",\"sameAs\":[],\"logo\":{\"@type\":\"ImageObject\",\"inLanguage\":\"pt-BR\",\"@id\":\"https:\/\/ccladv.com.br\/#\/schema\/logo\/image\/\",\"url\":\"https:\/\/ccladv.com.br\/wp-content\/uploads\/2021\/03\/logo.png\",\"contentUrl\":\"https:\/\/ccladv.com.br\/wp-content\/uploads\/2021\/03\/logo.png\",\"width\":230,\"height\":60,\"caption\":\"CAETANO\"},\"image\":{\"@id\":\"https:\/\/ccladv.com.br\/#\/schema\/logo\/image\/\"}},{\"@type\":\"WebSite\",\"@id\":\"https:\/\/ccladv.com.br\/#website\",\"url\":\"https:\/\/ccladv.com.br\/\",\"name\":\"CAETANO\",\"description\":\"Adocacia Criminal e Trabalhista\",\"publisher\":{\"@id\":\"https:\/\/ccladv.com.br\/#organization\"},\"potentialAction\":[{\"@type\":\"SearchAction\",\"target\":{\"@type\":\"EntryPoint\",\"urlTemplate\":\"https:\/\/ccladv.com.br\/?s={search_term_string}\"},\"query-input\":\"required name=search_term_string\"}],\"inLanguage\":\"pt-BR\"},{\"@type\":\"WebPage\",\"@id\":\"https:\/\/ccladv.com.br\/index.php\/nossas-solucoes\/\",\"url\":\"https:\/\/ccladv.com.br\/index.php\/nossas-solucoes\/\",\"name\":\"CONHE\u00c7A NOSSAS SOLU\u00c7\u00d5ES - CAETANO\",\"isPartOf\":{\"@id\":\"https:\/\/ccladv.com.br\/#website\"},\"datePublished\":\"2017-01-10T14:47:28+00:00\",\"dateModified\":\"2022-02-15T15:05:31+00:00\",\"breadcrumb\":{\"@id\":\"https:\/\/ccladv.com.br\/index.php\/nossas-solucoes\/#breadcrumb\"},\"inLanguage\":\"pt-BR\",\"potentialAction\":[{\"@type\":\"ReadAction\",\"target\":[\"https:\/\/ccladv.com.br\/index.php\/nossas-solucoes\/\"]}]},{\"@type\":\"BreadcrumbList\",\"@id\":\"https:\/\/ccladv.com.br\/index.php\/nossas-solucoes\/#breadcrumb\",\"itemListElement\":[{\"@type\":\"ListItem\",\"position\":1,\"name\":\"Home\",\"item\":\"https:\/\/ccladv.com.br\/\"},{\"@type\":\"ListItem\",\"position\":2,\"name\":\"CONHE\u00c7A NOSSAS SOLU\u00c7\u00d5ES\"}]}]}<\/script>\n<!-- \/ Yoast SEO plugin. -->","yoast_head_json":{"title":"CONHE\u00c7A NOSSAS SOLU\u00c7\u00d5ES - CAETANO","robots":{"index":"index","follow":"follow","max-snippet":"max-snippet:-1","max-image-preview":"max-image-preview:large","max-video-preview":"max-video-preview:-1"},"canonical":"https:\/\/ccladv.com.br\/index.php\/nossas-solucoes\/","og_locale":"pt_BR","og_type":"article","og_title":"CONHE\u00c7A NOSSAS SOLU\u00c7\u00d5ES - CAETANO","og_description":"[vc_row full_width=&#8221;stretch_row_content_no_spaces&#8221;][vc_column][\/vc_column][\/vc_row]","og_url":"https:\/\/ccladv.com.br\/index.php\/nossas-solucoes\/","og_site_name":"CAETANO","article_modified_time":"2022-02-15T15:05:31+00:00","twitter_card":"summary_large_image","schema":{"@context":"https:\/\/schema.org","@graph":[{"@type":"Organization","@id":"https:\/\/ccladv.com.br\/#organization","name":"CAETANO","url":"https:\/\/ccladv.com.br\/","sameAs":[],"logo":{"@type":"ImageObject","inLanguage":"pt-BR","@id":"https:\/\/ccladv.com.br\/#\/schema\/logo\/image\/","url":"https:\/\/ccladv.com.br\/wp-content\/uploads\/2021\/03\/logo.png","contentUrl":"https:\/\/ccladv.com.br\/wp-content\/uploads\/2021\/03\/logo.png","width":230,"height":60,"caption":"CAETANO"},"image":{"@id":"https:\/\/ccladv.com.br\/#\/schema\/logo\/image\/"}},{"@type":"WebSite","@id":"https:\/\/ccladv.com.br\/#website","url":"https:\/\/ccladv.com.br\/","name":"CAETANO","description":"Adocacia Criminal e Trabalhista","publisher":{"@id":"https:\/\/ccladv.com.br\/#organization"},"potentialAction":[{"@type":"SearchAction","target":{"@type":"EntryPoint","urlTemplate":"https:\/\/ccladv.com.br\/?s={search_term_string}"},"query-input":"required name=search_term_string"}],"inLanguage":"pt-BR"},{"@type":"WebPage","@id":"https:\/\/ccladv.com.br\/index.php\/nossas-solucoes\/","url":"https:\/\/ccladv.com.br\/index.php\/nossas-solucoes\/","name":"CONHE\u00c7A NOSSAS SOLU\u00c7\u00d5ES - CAETANO","isPartOf":{"@id":"https:\/\/ccladv.com.br\/#website"},"datePublished":"2017-01-10T14:47:28+00:00","dateModified":"2022-02-15T15:05:31+00:00","breadcrumb":{"@id":"https:\/\/ccladv.com.br\/index.php\/nossas-solucoes\/#breadcrumb"},"inLanguage":"pt-BR","potentialAction":[{"@type":"ReadAction","target":["https:\/\/ccladv.com.br\/index.php\/nossas-solucoes\/"]}]},{"@type":"BreadcrumbList","@id":"https:\/\/ccladv.com.br\/index.php\/nossas-solucoes\/#breadcrumb","itemListElement":[{"@type":"ListItem","position":1,"name":"Home","item":"https:\/\/ccladv.com.br\/"},{"@type":"ListItem","position":2,"name":"CONHE\u00c7A NOSSAS SOLU\u00c7\u00d5ES"}]}]}},"_links":{"self":[{"href":"https:\/\/ccladv.com.br\/index.php\/wp-json\/wp\/v2\/pages\/4386","targetHints":{"allow":["GET"]}}],"collection":[{"href":"https:\/\/ccladv.com.br\/index.php\/wp-json\/wp\/v2\/pages"}],"about":[{"href":"https:\/\/ccladv.com.br\/index.php\/wp-json\/wp\/v2\/types\/page"}],"author":[{"embeddable":true,"href":"https:\/\/ccladv.com.br\/index.php\/wp-json\/wp\/v2\/users\/1"}],"replies":[{"embeddable":true,"href":"https:\/\/ccladv.com.br\/index.php\/wp-json\/wp\/v2\/comments?post=4386"}],"version-history":[{"count":5,"href":"https:\/\/ccladv.com.br\/index.php\/wp-json\/wp\/v2\/pages\/4386\/revisions"}],"predecessor-version":[{"id":11168,"href":"https:\/\/ccladv.com.br\/index.php\/wp-json\/wp\/v2\/pages\/4386\/revisions\/11168"}],"wp:attachment":[{"href":"https:\/\/ccladv.com.br\/index.php\/wp-json\/wp\/v2\/media?parent=4386"}],"curies":[{"name":"wp","href":"https:\/\/api.w.org\/{rel}","templated":true}]}}